{"id":707,"date":"2023-01-17T12:04:27","date_gmt":"2023-01-17T11:04:27","guid":{"rendered":"https:\/\/www.synchronicity-iot.eu\/sychnronicity-technik-leben\/"},"modified":"2023-11-27T14:56:43","modified_gmt":"2023-11-27T13:56:43","slug":"sychnronicity-technik-leben","status":"publish","type":"page","link":"https:\/\/www.synchronicity-iot.eu\/de\/","title":{"rendered":"SynchroniCity &#8211; Technik &amp; Leben"},"content":{"rendered":"<p>Die Technologie bietet unbegrenzte M\u00f6glichkeiten, aber die Gesellschaft k\u00e4mpft noch immer darum, ihren nachhaltigen Nutzen zu maximieren und gleichzeitig den lokalen Bed\u00fcrfnissen gerecht zu werden. Die Herausforderung besteht darin, durch technologischen Fortschritt die Privatsph\u00e4re zu sch\u00fctzen, die Nachhaltigkeit zu f\u00f6rdern und das Gl\u00fcck zu steigern. Um dieses Ziel zu erreichen, m\u00fcssen wir unsere Herangehensweise an die technologische Entwicklung \u00fcberdenken und verbessern, um ein besseres Leben f\u00fcr alle zu schaffen. Als Reaktion darauf wurde SynchroniCity gegr\u00fcndet, um St\u00e4dten und Unternehmen eine globale Plattform f\u00fcr die Zusammenarbeit an Pilotprojekten zu bieten, die IoT und KI nutzen, um das Wohlergehen der B\u00fcrger zu verbessern und das Wirtschaftswachstum zu f\u00f6rdern.<\/p>\n<p><strong>Letzte Artikel<\/strong><\/p>\n\n\n<ul class=\"su-posts su-posts-list-loop \">\n\n\t\t\t\t\t\t\n\t\t\t\n\t\t\t<li id=\"su-post-1403\" class=\"su-post \">\n\t\t\t\t<a href=\"https:\/\/www.synchronicity-iot.eu\/de\/gesundheit\/fitsmart-kapseln-fat-burner-erfahrungen\/\">Fitsmart Kapseln \u2734\ufe0f Test &#038; Erfahrungen mit dem Fat Burner<\/a>\n\t\t\t<\/li>\n\n\t\t\t\t\t\n\t\t\t\n\t\t\t<li id=\"su-post-1335\" class=\"su-post \">\n\t\t\t\t<a href=\"https:\/\/www.synchronicity-iot.eu\/de\/gesundheit\/indravil-kapseln-test-erfahrungen\/\">Indravil \u2734\ufe0f Test &#038; Erfahrungen mit den Kapseln<\/a>\n\t\t\t<\/li>\n\n\t\t\t\t\t\n\t\t\t\n\t\t\t<li id=\"su-post-1300\" class=\"su-post \">\n\t\t\t\t<a href=\"https:\/\/www.synchronicity-iot.eu\/de\/gesundheit\/volt-performance-test-erfahrungen\/\">Volt Performance \u2734\ufe0f Test &#038; Erfahrungen<\/a>\n\t\t\t<\/li>\n\n\t\t\t\t\t\n\t\t\t\n\t\t\t<li id=\"su-post-1182\" class=\"su-post \">\n\t\t\t\t<a href=\"https:\/\/www.synchronicity-iot.eu\/de\/gesundheit\/neo-drops-tropfen-erfahrungen-inhaltsstoffe\/\">NEO Drops Erfahrungen \u2734\ufe0f die Tropfen im Test<\/a>\n\t\t\t<\/li>\n\n\t\t\t\t\t\n\t\t\t\n\t\t\t<li id=\"su-post-717\" class=\"su-post \">\n\t\t\t\t<a href=\"https:\/\/www.synchronicity-iot.eu\/de\/wissen\/digitale-ethik-beispiele\/\">\ud83c\udf10 Digitale Ethik: 10 Beispiele verantwortungsvoller Technologie<\/a>\n\t\t\t<\/li>\n\n\t\t\t\t\t\n\t\t\t\n\t\t\t<li id=\"su-post-702\" class=\"su-post \">\n\t\t\t\t<a href=\"https:\/\/www.synchronicity-iot.eu\/de\/wissen\/digitale-ethik-wie-unternehmen-und-regierungen-digitale-ethik-foerdern-koennen\/\">Digitale Ethik: Wie Unternehmen und Regierungen digitale Ethik f\u00f6rdern k\u00f6nnen<\/a>\n\t\t\t<\/li>\n\n\t\t\t\n<\/ul>\n\n","protected":false},"excerpt":{"rendered":"<p>Die Technologie bietet unbegrenzte M\u00f6glichkeiten, aber die Gesellschaft k\u00e4mpft noch immer darum, ihren nachhaltigen Nutzen zu maximieren und gleichzeitig den lokalen Bed\u00fcrfnissen gerecht zu werden. Die Herausforderung besteht darin, durch [&hellip;]<\/p>\n","protected":false},"author":2,"featured_media":706,"parent":0,"menu_order":0,"comment_status":"closed","ping_status":"closed","template":"","meta":{"footnotes":""},"class_list":["post-707","page","type-page","status-publish","has-post-thumbnail","hentry","rishi-post"],"rishi__cb_customizer_meta":"","yoast_head":"<!-- This site is optimized with the Yoast SEO plugin v23.2 - https:\/\/yoast.com\/wordpress\/plugins\/seo\/ -->\n<title>SynchroniCity - Technik &amp; Leben &#8226; synchronicity-iot.eu<\/title>\n<meta name=\"robots\" content=\"index, follow, max-snippet:-1, max-image-preview:large, max-video-preview:-1\" \/>\n<link rel=\"canonical\" href=\"https:\/\/www.synchronicity-iot.eu\/de\/\" \/>\n<meta property=\"og:locale\" content=\"de_DE\" \/>\n<meta property=\"og:type\" content=\"article\" \/>\n<meta property=\"og:title\" content=\"SynchroniCity - Technik &amp; Leben &#8226; synchronicity-iot.eu\" \/>\n<meta property=\"og:description\" content=\"Die Technologie bietet unbegrenzte M\u00f6glichkeiten, aber die Gesellschaft k\u00e4mpft noch immer darum, ihren nachhaltigen Nutzen zu maximieren und gleichzeitig den lokalen Bed\u00fcrfnissen gerecht zu werden. Die Herausforderung besteht darin, durch [&hellip;]\" \/>\n<meta property=\"og:url\" content=\"https:\/\/www.synchronicity-iot.eu\/de\/\" \/>\n<meta property=\"og:site_name\" content=\"synchronicity-iot.eu\" \/>\n<meta property=\"article:modified_time\" content=\"2023-11-27T13:56:43+00:00\" \/>\n<meta property=\"og:image\" content=\"https:\/\/www.synchronicity-iot.eu\/wp-content\/uploads\/synchronicity-iot-eu-banner.jpg\" \/>\n\t<meta property=\"og:image:width\" content=\"1200\" \/>\n\t<meta property=\"og:image:height\" content=\"675\" \/>\n\t<meta property=\"og:image:type\" content=\"image\/jpeg\" \/>\n<meta name=\"twitter:card\" content=\"summary_large_image\" \/>\n<meta name=\"twitter:label1\" content=\"Gesch\u00e4tzte Lesezeit\" \/>\n\t<meta name=\"twitter:data1\" content=\"1\u00a0Minute\" \/>\n<script type=\"application\/ld+json\" class=\"yoast-schema-graph\">{\"@context\":\"https:\/\/schema.org\",\"@graph\":[{\"@type\":\"WebPage\",\"@id\":\"https:\/\/www.synchronicity-iot.eu\/de\/\",\"url\":\"https:\/\/www.synchronicity-iot.eu\/de\/\",\"name\":\"SynchroniCity - Technik &amp; Leben &#8226; synchronicity-iot.eu\",\"isPartOf\":{\"@id\":\"https:\/\/www.synchronicity-iot.eu\/#website\"},\"primaryImageOfPage\":{\"@id\":\"https:\/\/www.synchronicity-iot.eu\/de\/#primaryimage\"},\"image\":{\"@id\":\"https:\/\/www.synchronicity-iot.eu\/de\/#primaryimage\"},\"thumbnailUrl\":\"https:\/\/www.synchronicity-iot.eu\/wp-content\/uploads\/synchronicity-iot-eu-banner.jpg\",\"datePublished\":\"2023-01-17T11:04:27+00:00\",\"dateModified\":\"2023-11-27T13:56:43+00:00\",\"breadcrumb\":{\"@id\":\"https:\/\/www.synchronicity-iot.eu\/de\/#breadcrumb\"},\"inLanguage\":\"de\",\"potentialAction\":[{\"@type\":\"ReadAction\",\"target\":[\"https:\/\/www.synchronicity-iot.eu\/de\/\"]}]},{\"@type\":\"ImageObject\",\"inLanguage\":\"de\",\"@id\":\"https:\/\/www.synchronicity-iot.eu\/de\/#primaryimage\",\"url\":\"https:\/\/www.synchronicity-iot.eu\/wp-content\/uploads\/synchronicity-iot-eu-banner.jpg\",\"contentUrl\":\"https:\/\/www.synchronicity-iot.eu\/wp-content\/uploads\/synchronicity-iot-eu-banner.jpg\",\"width\":1200,\"height\":675},{\"@type\":\"BreadcrumbList\",\"@id\":\"https:\/\/www.synchronicity-iot.eu\/de\/#breadcrumb\",\"itemListElement\":[{\"@type\":\"ListItem\",\"position\":1,\"name\":\"Startseite\",\"item\":\"https:\/\/www.synchronicity-iot.eu\/de\/\"},{\"@type\":\"ListItem\",\"position\":2,\"name\":\"SynchroniCity &#8211; Technik &amp; Leben\"}]},{\"@type\":\"WebSite\",\"@id\":\"https:\/\/www.synchronicity-iot.eu\/#website\",\"url\":\"https:\/\/www.synchronicity-iot.eu\/\",\"name\":\"synchronicity-iot.eu\",\"description\":\"\",\"publisher\":{\"@id\":\"https:\/\/www.synchronicity-iot.eu\/#organization\"},\"potentialAction\":[{\"@type\":\"SearchAction\",\"target\":{\"@type\":\"EntryPoint\",\"urlTemplate\":\"https:\/\/www.synchronicity-iot.eu\/?s={search_term_string}\"},\"query-input\":\"required name=search_term_string\"}],\"inLanguage\":\"de\"},{\"@type\":\"Organization\",\"@id\":\"https:\/\/www.synchronicity-iot.eu\/#organization\",\"name\":\"synchronicity-iot.eu\",\"url\":\"https:\/\/www.synchronicity-iot.eu\/\",\"logo\":{\"@type\":\"ImageObject\",\"inLanguage\":\"de\",\"@id\":\"https:\/\/www.synchronicity-iot.eu\/#\/schema\/logo\/image\/\",\"url\":\"https:\/\/www.synchronicity-iot.eu\/wp-content\/uploads\/synchronicity-iot-eu-logo-e1678703456844.png\",\"contentUrl\":\"https:\/\/www.synchronicity-iot.eu\/wp-content\/uploads\/synchronicity-iot-eu-logo-e1678703456844.png\",\"width\":601,\"height\":131,\"caption\":\"synchronicity-iot.eu\"},\"image\":{\"@id\":\"https:\/\/www.synchronicity-iot.eu\/#\/schema\/logo\/image\/\"}}]}<\/script>\n<!-- \/ Yoast SEO plugin. -->","yoast_head_json":{"title":"SynchroniCity - Technik &amp; Leben &#8226; synchronicity-iot.eu","robots":{"index":"index","follow":"follow","max-snippet":"max-snippet:-1","max-image-preview":"max-image-preview:large","max-video-preview":"max-video-preview:-1"},"canonical":"https:\/\/www.synchronicity-iot.eu\/de\/","og_locale":"de_DE","og_type":"article","og_title":"SynchroniCity - Technik &amp; Leben &#8226; synchronicity-iot.eu","og_description":"Die Technologie bietet unbegrenzte M\u00f6glichkeiten, aber die Gesellschaft k\u00e4mpft noch immer darum, ihren nachhaltigen Nutzen zu maximieren und gleichzeitig den lokalen Bed\u00fcrfnissen gerecht zu werden. Die Herausforderung besteht darin, durch [&hellip;]","og_url":"https:\/\/www.synchronicity-iot.eu\/de\/","og_site_name":"synchronicity-iot.eu","article_modified_time":"2023-11-27T13:56:43+00:00","og_image":[{"width":1200,"height":675,"url":"https:\/\/www.synchronicity-iot.eu\/wp-content\/uploads\/synchronicity-iot-eu-banner.jpg","type":"image\/jpeg"}],"twitter_card":"summary_large_image","twitter_misc":{"Gesch\u00e4tzte Lesezeit":"1\u00a0Minute"},"schema":{"@context":"https:\/\/schema.org","@graph":[{"@type":"WebPage","@id":"https:\/\/www.synchronicity-iot.eu\/de\/","url":"https:\/\/www.synchronicity-iot.eu\/de\/","name":"SynchroniCity - Technik &amp; Leben &#8226; synchronicity-iot.eu","isPartOf":{"@id":"https:\/\/www.synchronicity-iot.eu\/#website"},"primaryImageOfPage":{"@id":"https:\/\/www.synchronicity-iot.eu\/de\/#primaryimage"},"image":{"@id":"https:\/\/www.synchronicity-iot.eu\/de\/#primaryimage"},"thumbnailUrl":"https:\/\/www.synchronicity-iot.eu\/wp-content\/uploads\/synchronicity-iot-eu-banner.jpg","datePublished":"2023-01-17T11:04:27+00:00","dateModified":"2023-11-27T13:56:43+00:00","breadcrumb":{"@id":"https:\/\/www.synchronicity-iot.eu\/de\/#breadcrumb"},"inLanguage":"de","potentialAction":[{"@type":"ReadAction","target":["https:\/\/www.synchronicity-iot.eu\/de\/"]}]},{"@type":"ImageObject","inLanguage":"de","@id":"https:\/\/www.synchronicity-iot.eu\/de\/#primaryimage","url":"https:\/\/www.synchronicity-iot.eu\/wp-content\/uploads\/synchronicity-iot-eu-banner.jpg","contentUrl":"https:\/\/www.synchronicity-iot.eu\/wp-content\/uploads\/synchronicity-iot-eu-banner.jpg","width":1200,"height":675},{"@type":"BreadcrumbList","@id":"https:\/\/www.synchronicity-iot.eu\/de\/#breadcrumb","itemListElement":[{"@type":"ListItem","position":1,"name":"Startseite","item":"https:\/\/www.synchronicity-iot.eu\/de\/"},{"@type":"ListItem","position":2,"name":"SynchroniCity &#8211; Technik &amp; Leben"}]},{"@type":"WebSite","@id":"https:\/\/www.synchronicity-iot.eu\/#website","url":"https:\/\/www.synchronicity-iot.eu\/","name":"synchronicity-iot.eu","description":"","publisher":{"@id":"https:\/\/www.synchronicity-iot.eu\/#organization"},"potentialAction":[{"@type":"SearchAction","target":{"@type":"EntryPoint","urlTemplate":"https:\/\/www.synchronicity-iot.eu\/?s={search_term_string}"},"query-input":"required name=search_term_string"}],"inLanguage":"de"},{"@type":"Organization","@id":"https:\/\/www.synchronicity-iot.eu\/#organization","name":"synchronicity-iot.eu","url":"https:\/\/www.synchronicity-iot.eu\/","logo":{"@type":"ImageObject","inLanguage":"de","@id":"https:\/\/www.synchronicity-iot.eu\/#\/schema\/logo\/image\/","url":"https:\/\/www.synchronicity-iot.eu\/wp-content\/uploads\/synchronicity-iot-eu-logo-e1678703456844.png","contentUrl":"https:\/\/www.synchronicity-iot.eu\/wp-content\/uploads\/synchronicity-iot-eu-logo-e1678703456844.png","width":601,"height":131,"caption":"synchronicity-iot.eu"},"image":{"@id":"https:\/\/www.synchronicity-iot.eu\/#\/schema\/logo\/image\/"}}]}},"_links":{"self":[{"href":"https:\/\/www.synchronicity-iot.eu\/de\/wp-json\/wp\/v2\/pages\/707","targetHints":{"allow":["GET"]}}],"collection":[{"href":"https:\/\/www.synchronicity-iot.eu\/de\/wp-json\/wp\/v2\/pages"}],"about":[{"href":"https:\/\/www.synchronicity-iot.eu\/de\/wp-json\/wp\/v2\/types\/page"}],"author":[{"embeddable":true,"href":"https:\/\/www.synchronicity-iot.eu\/de\/wp-json\/wp\/v2\/users\/2"}],"replies":[{"embeddable":true,"href":"https:\/\/www.synchronicity-iot.eu\/de\/wp-json\/wp\/v2\/comments?post=707"}],"version-history":[{"count":0,"href":"https:\/\/www.synchronicity-iot.eu\/de\/wp-json\/wp\/v2\/pages\/707\/revisions"}],"wp:featuredmedia":[{"embeddable":true,"href":"https:\/\/www.synchronicity-iot.eu\/de\/wp-json\/wp\/v2\/media\/706"}],"wp:attachment":[{"href":"https:\/\/www.synchronicity-iot.eu\/de\/wp-json\/wp\/v2\/media?parent=707"}],"curies":[{"name":"wp","href":"https:\/\/api.w.org\/{rel}","templated":true}]}}